{"id":1693,"date":"2019-11-14T11:53:39","date_gmt":"2019-11-14T10:53:39","guid":{"rendered":"https:\/\/studentsforfuture.info\/?page_id=1693"},"modified":"2019-11-15T16:24:02","modified_gmt":"2019-11-15T15:24:02","slug":"hannover","status":"publish","type":"page","link":"https:\/\/studentsforfuture.info\/en\/ortsgruppe\/hannover\/","title":{"rendered":"Students For Future Hannover"},"content":{"rendered":"\n<div class=\"wp-block-image\"><figure class=\"aligncenter\"><a href=\"https:\/\/studentsforfuture.info\/public-climate-school\/\"><img decoding=\"async\" loading=\"lazy\" width=\"682\" height=\"225\" src=\"https:\/\/studentsforfuture.info\/wp-content\/uploads\/sites\/3\/2019\/10\/public-climate-school-linkbanner-2.png\" alt=\"\" class=\"wp-image-407\" srcset=\"https:\/\/studentsforfuture.info\/en\/wp-content\/uploads\/sites\/3\/2019\/10\/public-climate-school-linkbanner-2.png 682w, https:\/\/studentsforfuture.info\/en\/wp-content\/uploads\/sites\/3\/2019\/10\/public-climate-school-linkbanner-2-300x99.png 300w, https:\/\/studentsforfuture.info\/en\/wp-content\/uploads\/sites\/3\/2019\/10\/public-climate-school-linkbanner-2-416x137.png 416w, https:\/\/studentsforfuture.info\/en\/wp-content\/uploads\/sites\/3\/2019\/10\/public-climate-school-linkbanner-2-187x62.png 187w\" sizes=\"(max-width: 682px) 100vw, 682px\" \/><\/a><\/figure><\/div>\n\n\n\n<h2 class=\"wp-block-heading\">Alle Termine der Public Climate School  in Hannover unter: <a href=\"https:\/\/fridaysforfuture-hannover.de\/public-climate-school\/\">https:\/\/fridaysforfuture-hannover.de\/public-climate-school<\/a><\/h2>\n\n\n\n<p>Wir, die <strong>Students for Future Hannover<\/strong>,\n haben uns im Fr\u00fchjahr 2019 gegr\u00fcndet. Als studentische Organisation \ninnerhalb FFF wollen wir die protestierenden Sch\u00fcler*innen in enger \nZusammenarbeit unterst\u00fctzen. Studierende <strong>aller Hannoveraner Hochschulen<\/strong> sind willkommen, da wir uns bewusst als Uni-\u00fcbergreifende Bewegung verstehen.<\/p>\n\n\n\n<p>Seit unserem offiziellen Gr\u00fcndungstreffen mit 300 motivierten Studierenden, treffen wir uns regelm\u00e4\u00dfig <strong>dienstags um 18:30 in A310 an der LUH<\/strong>. Komm einfach vorbei, jede*r wird gebraucht!<\/p>\n\n\n\n<p><a href=\"http:\/\/www.fridaysforfuture-hannover.de\/students\">More content<\/a> and <a href=\"https:\/\/fridaysforfuture-hannover.de\/students-for-future\/\"> English version<\/a>.<\/p>\n\n\n\n<p><\/p>\n","protected":false},"excerpt":{"rendered":"<p>Alle Termine der Public Climate School in Hannover unter: https:\/\/fridaysforfuture-hannover.de\/public-climate-school Wir, die Students for Future Hannover, haben uns im Fr\u00fchjahr 2019 gegr\u00fcndet. Als studentische Organisation innerhalb FFF wollen wir die protestierenden Sch\u00fcler*innen in enger Zusammenarbeit unterst\u00fctzen. Studierende aller Hannoveraner Hochschulen sind willkommen, da wir uns bewusst als Uni-\u00fcbergreifende Bewegung verstehen. Seit unserem offiziellen Gr\u00fcndungstreffen mit [&hellip;]<\/p>\n","protected":false},"author":695,"featured_media":0,"parent":15,"menu_order":0,"comment_status":"closed","ping_status":"closed","template":"","meta":{"ghostkit_customizer_options":"","ghostkit_custom_css":"","ghostkit_custom_js_head":"","ghostkit_custom_js_foot":"","ghostkit_typography":"","footnotes":""},"yoast_head":"<!-- This site is optimized with the Yoast SEO plugin v22.6 - https:\/\/yoast.com\/wordpress\/plugins\/seo\/ -->\n<title>Students For Future Hannover - Students for Future<\/title>\n<meta name=\"robots\" content=\"index, follow, max-snippet:-1, max-image-preview:large, max-video-preview:-1\" \/>\n<link rel=\"canonical\" href=\"https:\/\/studentsforfuture.info\/en\/ortsgruppe\/hannover\/\" \/>\n<meta property=\"og:locale\" content=\"en_US\" \/>\n<meta property=\"og:type\" content=\"article\" \/>\n<meta property=\"og:title\" content=\"Students For Future Hannover - Students for Future\" \/>\n<meta property=\"og:description\" content=\"Alle Termine der Public Climate School in Hannover unter: https:\/\/fridaysforfuture-hannover.de\/public-climate-school Wir, die Students for Future Hannover, haben uns im Fr\u00fchjahr 2019 gegr\u00fcndet. Als studentische Organisation innerhalb FFF wollen wir die protestierenden Sch\u00fcler*innen in enger Zusammenarbeit unterst\u00fctzen. Studierende aller Hannoveraner Hochschulen sind willkommen, da wir uns bewusst als Uni-\u00fcbergreifende Bewegung verstehen. Seit unserem offiziellen Gr\u00fcndungstreffen mit [&hellip;]\" \/>\n<meta property=\"og:url\" content=\"https:\/\/studentsforfuture.info\/en\/ortsgruppe\/hannover\/\" \/>\n<meta property=\"og:site_name\" content=\"Students for Future\" \/>\n<meta property=\"article:publisher\" content=\"https:\/\/www.facebook.com\/studentsforfuturegermany\/\" \/>\n<meta property=\"article:modified_time\" content=\"2019-11-15T15:24:02+00:00\" \/>\n<meta property=\"og:image\" content=\"https:\/\/studentsforfuture.info\/wp-content\/uploads\/sites\/3\/2019\/10\/public-climate-school-linkbanner-2.png\" \/>\n<meta name=\"twitter:card\" content=\"summary_large_image\" \/>\n<meta name=\"twitter:site\" content=\"@Studis4Future\" \/>\n<script type=\"application\/ld+json\" class=\"yoast-schema-graph\">{\"@context\":\"https:\/\/schema.org\",\"@graph\":[{\"@type\":\"WebPage\",\"@id\":\"https:\/\/studentsforfuture.info\/en\/ortsgruppe\/hannover\/\",\"url\":\"https:\/\/studentsforfuture.info\/en\/ortsgruppe\/hannover\/\",\"name\":\"Students For Future Hannover - Students for Future\",\"isPartOf\":{\"@id\":\"https:\/\/studentsforfuture.info\/en\/#website\"},\"primaryImageOfPage\":{\"@id\":\"https:\/\/studentsforfuture.info\/en\/ortsgruppe\/hannover\/#primaryimage\"},\"image\":{\"@id\":\"https:\/\/studentsforfuture.info\/en\/ortsgruppe\/hannover\/#primaryimage\"},\"thumbnailUrl\":\"https:\/\/studentsforfuture.info\/wp-content\/uploads\/sites\/3\/2019\/10\/public-climate-school-linkbanner-2.png\",\"datePublished\":\"2019-11-14T10:53:39+00:00\",\"dateModified\":\"2019-11-15T15:24:02+00:00\",\"breadcrumb\":{\"@id\":\"https:\/\/studentsforfuture.info\/en\/ortsgruppe\/hannover\/#breadcrumb\"},\"inLanguage\":\"en-US\",\"potentialAction\":[{\"@type\":\"ReadAction\",\"target\":[\"https:\/\/studentsforfuture.info\/en\/ortsgruppe\/hannover\/\"]}]},{\"@type\":\"ImageObject\",\"inLanguage\":\"en-US\",\"@id\":\"https:\/\/studentsforfuture.info\/en\/ortsgruppe\/hannover\/#primaryimage\",\"url\":\"https:\/\/studentsforfuture.info\/wp-content\/uploads\/sites\/3\/2019\/10\/public-climate-school-linkbanner-2.png\",\"contentUrl\":\"https:\/\/studentsforfuture.info\/wp-content\/uploads\/sites\/3\/2019\/10\/public-climate-school-linkbanner-2.png\"},{\"@type\":\"BreadcrumbList\",\"@id\":\"https:\/\/studentsforfuture.info\/en\/ortsgruppe\/hannover\/#breadcrumb\",\"itemListElement\":[{\"@type\":\"ListItem\",\"position\":1,\"name\":\"Startseite\",\"item\":\"https:\/\/studentsforfuture.info\/en\/\"},{\"@type\":\"ListItem\",\"position\":2,\"name\":\"Ortsgruppen\",\"item\":\"https:\/\/studentsforfuture.info\/en\/?page_id=15\"},{\"@type\":\"ListItem\",\"position\":3,\"name\":\"Students For Future Hannover\"}]},{\"@type\":\"WebSite\",\"@id\":\"https:\/\/studentsforfuture.info\/en\/#website\",\"url\":\"https:\/\/studentsforfuture.info\/en\/\",\"name\":\"Students for Future\",\"description\":\"Eine For Future Webseite\",\"publisher\":{\"@id\":\"https:\/\/studentsforfuture.info\/en\/#organization\"},\"potentialAction\":[{\"@type\":\"SearchAction\",\"target\":{\"@type\":\"EntryPoint\",\"urlTemplate\":\"https:\/\/studentsforfuture.info\/en\/?s={search_term_string}\"},\"query-input\":\"required name=search_term_string\"}],\"inLanguage\":\"en-US\"},{\"@type\":\"Organization\",\"@id\":\"https:\/\/studentsforfuture.info\/en\/#organization\",\"name\":\"Students for Future\",\"url\":\"https:\/\/studentsforfuture.info\/en\/\",\"logo\":{\"@type\":\"ImageObject\",\"inLanguage\":\"en-US\",\"@id\":\"https:\/\/studentsforfuture.info\/en\/#\/schema\/logo\/image\/\",\"url\":\"https:\/\/studentsforfuture.info\/en\/wp-content\/uploads\/sites\/3\/2019\/10\/2019_10_03_SFFGermanyLogo-1024x991.png\",\"contentUrl\":\"https:\/\/studentsforfuture.info\/en\/wp-content\/uploads\/sites\/3\/2019\/10\/2019_10_03_SFFGermanyLogo-1024x991.png\",\"width\":1024,\"height\":991,\"caption\":\"Students for Future\"},\"image\":{\"@id\":\"https:\/\/studentsforfuture.info\/en\/#\/schema\/logo\/image\/\"},\"sameAs\":[\"https:\/\/www.facebook.com\/studentsforfuturegermany\/\",\"https:\/\/x.com\/Studis4Future\",\"https:\/\/www.instagram.com\/studentsforfuture_germany\/\"]}]}<\/script>\n<!-- \/ Yoast SEO plugin. -->","yoast_head_json":{"title":"Students For Future Hannover - Students for Future","robots":{"index":"index","follow":"follow","max-snippet":"max-snippet:-1","max-image-preview":"max-image-preview:large","max-video-preview":"max-video-preview:-1"},"canonical":"https:\/\/studentsforfuture.info\/en\/ortsgruppe\/hannover\/","og_locale":"en_US","og_type":"article","og_title":"Students For Future Hannover - Students for Future","og_description":"Alle Termine der Public Climate School in Hannover unter: https:\/\/fridaysforfuture-hannover.de\/public-climate-school Wir, die Students for Future Hannover, haben uns im Fr\u00fchjahr 2019 gegr\u00fcndet. Als studentische Organisation innerhalb FFF wollen wir die protestierenden Sch\u00fcler*innen in enger Zusammenarbeit unterst\u00fctzen. Studierende aller Hannoveraner Hochschulen sind willkommen, da wir uns bewusst als Uni-\u00fcbergreifende Bewegung verstehen. Seit unserem offiziellen Gr\u00fcndungstreffen mit [&hellip;]","og_url":"https:\/\/studentsforfuture.info\/en\/ortsgruppe\/hannover\/","og_site_name":"Students for Future","article_publisher":"https:\/\/www.facebook.com\/studentsforfuturegermany\/","article_modified_time":"2019-11-15T15:24:02+00:00","og_image":[{"url":"https:\/\/studentsforfuture.info\/wp-content\/uploads\/sites\/3\/2019\/10\/public-climate-school-linkbanner-2.png"}],"twitter_card":"summary_large_image","twitter_site":"@Studis4Future","schema":{"@context":"https:\/\/schema.org","@graph":[{"@type":"WebPage","@id":"https:\/\/studentsforfuture.info\/en\/ortsgruppe\/hannover\/","url":"https:\/\/studentsforfuture.info\/en\/ortsgruppe\/hannover\/","name":"Students For Future Hannover - Students for Future","isPartOf":{"@id":"https:\/\/studentsforfuture.info\/en\/#website"},"primaryImageOfPage":{"@id":"https:\/\/studentsforfuture.info\/en\/ortsgruppe\/hannover\/#primaryimage"},"image":{"@id":"https:\/\/studentsforfuture.info\/en\/ortsgruppe\/hannover\/#primaryimage"},"thumbnailUrl":"https:\/\/studentsforfuture.info\/wp-content\/uploads\/sites\/3\/2019\/10\/public-climate-school-linkbanner-2.png","datePublished":"2019-11-14T10:53:39+00:00","dateModified":"2019-11-15T15:24:02+00:00","breadcrumb":{"@id":"https:\/\/studentsforfuture.info\/en\/ortsgruppe\/hannover\/#breadcrumb"},"inLanguage":"en-US","potentialAction":[{"@type":"ReadAction","target":["https:\/\/studentsforfuture.info\/en\/ortsgruppe\/hannover\/"]}]},{"@type":"ImageObject","inLanguage":"en-US","@id":"https:\/\/studentsforfuture.info\/en\/ortsgruppe\/hannover\/#primaryimage","url":"https:\/\/studentsforfuture.info\/wp-content\/uploads\/sites\/3\/2019\/10\/public-climate-school-linkbanner-2.png","contentUrl":"https:\/\/studentsforfuture.info\/wp-content\/uploads\/sites\/3\/2019\/10\/public-climate-school-linkbanner-2.png"},{"@type":"BreadcrumbList","@id":"https:\/\/studentsforfuture.info\/en\/ortsgruppe\/hannover\/#breadcrumb","itemListElement":[{"@type":"ListItem","position":1,"name":"Startseite","item":"https:\/\/studentsforfuture.info\/en\/"},{"@type":"ListItem","position":2,"name":"Ortsgruppen","item":"https:\/\/studentsforfuture.info\/en\/?page_id=15"},{"@type":"ListItem","position":3,"name":"Students For Future Hannover"}]},{"@type":"WebSite","@id":"https:\/\/studentsforfuture.info\/en\/#website","url":"https:\/\/studentsforfuture.info\/en\/","name":"Students for Future","description":"Eine For Future Webseite","publisher":{"@id":"https:\/\/studentsforfuture.info\/en\/#organization"},"potentialAction":[{"@type":"SearchAction","target":{"@type":"EntryPoint","urlTemplate":"https:\/\/studentsforfuture.info\/en\/?s={search_term_string}"},"query-input":"required name=search_term_string"}],"inLanguage":"en-US"},{"@type":"Organization","@id":"https:\/\/studentsforfuture.info\/en\/#organization","name":"Students for Future","url":"https:\/\/studentsforfuture.info\/en\/","logo":{"@type":"ImageObject","inLanguage":"en-US","@id":"https:\/\/studentsforfuture.info\/en\/#\/schema\/logo\/image\/","url":"https:\/\/studentsforfuture.info\/en\/wp-content\/uploads\/sites\/3\/2019\/10\/2019_10_03_SFFGermanyLogo-1024x991.png","contentUrl":"https:\/\/studentsforfuture.info\/en\/wp-content\/uploads\/sites\/3\/2019\/10\/2019_10_03_SFFGermanyLogo-1024x991.png","width":1024,"height":991,"caption":"Students for Future"},"image":{"@id":"https:\/\/studentsforfuture.info\/en\/#\/schema\/logo\/image\/"},"sameAs":["https:\/\/www.facebook.com\/studentsforfuturegermany\/","https:\/\/x.com\/Studis4Future","https:\/\/www.instagram.com\/studentsforfuture_germany\/"]}]}},"_links":{"self":[{"href":"https:\/\/studentsforfuture.info\/en\/wp-json\/wp\/v2\/pages\/1693"}],"collection":[{"href":"https:\/\/studentsforfuture.info\/en\/wp-json\/wp\/v2\/pages"}],"about":[{"href":"https:\/\/studentsforfuture.info\/en\/wp-json\/wp\/v2\/types\/page"}],"author":[{"embeddable":true,"href":"https:\/\/studentsforfuture.info\/en\/wp-json\/wp\/v2\/users\/695"}],"replies":[{"embeddable":true,"href":"https:\/\/studentsforfuture.info\/en\/wp-json\/wp\/v2\/comments?post=1693"}],"version-history":[{"count":4,"href":"https:\/\/studentsforfuture.info\/en\/wp-json\/wp\/v2\/pages\/1693\/revisions"}],"predecessor-version":[{"id":2963,"href":"https:\/\/studentsforfuture.info\/en\/wp-json\/wp\/v2\/pages\/1693\/revisions\/2963"}],"up":[{"embeddable":true,"href":"https:\/\/studentsforfuture.info\/en\/wp-json\/wp\/v2\/pages\/15"}],"wp:attachment":[{"href":"https:\/\/studentsforfuture.info\/en\/wp-json\/wp\/v2\/media?parent=1693"}],"curies":[{"name":"wp","href":"https:\/\/api.w.org\/{rel}","templated":true}]}}