{"id":3,"date":"2019-10-10T16:51:39","date_gmt":"2019-10-10T14:51:39","guid":{"rendered":"http:\/\/studentsforfuture.info\/?page_id=3"},"modified":"2019-10-30T11:51:10","modified_gmt":"2019-10-30T10:51:10","slug":"datenschutzerklaerung","status":"publish","type":"page","link":"https:\/\/studentsforfuture.info\/en\/datenschutzerklaerung\/","title":{"rendered":"Datenschutzerkl\u00e4rung"},"content":{"rendered":"\n<p>Herausgeber und verantwortlich f\u00fcr den Betrieb der Webseite studentsforfuture.info ist der \u00bbStudents for Future\u00ab (im folgendem als \u201ewir\u201c bezeichnet). Der Besuch unserer Websites ist grunds\u00e4tzlich ohne Angabe personenbezogener Daten m\u00f6glich. Mit der Nutzung der Site und der Eingabe personenbezogener Daten erkl\u00e4ren Sie sich mit der Datenerhebung und -nutzung im Einklang mit dieser Erkl\u00e4rung einverstanden. Diese Daten werden grunds\u00e4tzlich nicht an Dritte weitergegeben, es sei denn, dies ist zum erl\u00e4uterten Zweck zwingend erforderlich. In diesem Fall holen wir vorher Ihre Einwilligung zur Weitergabe ein.<\/p>\n\n\n\n<p><strong>1. Webserver und Logdateien<\/strong><\/p>\n\n\n\n<p>Ihr Browser \u00fcbertr\u00e4gt mit jedem Zugriff automatisch Informationen an unsere Website: Die Version Ihres Browser-Programms, Ihr verwendetes Betriebssystem, die IP-Adresse Ihres zugreifenden Ger\u00e4ts, Zeitpunkt der Anforderung, URL der angeforderten Datei oder Seite, ggf. die Seite, von der aus Sie \u00fcber einen Link zu uns gelangt sind (Referrer-URL) und das Ergebnis der Anforderung (HTTP-Statuscode). Diese Daten k\u00f6nnen in Server-Logfiles festgehalten werden, die zur \u00dcberpr\u00fcfung der ordnungsgem\u00e4\u00dfen Funktion des Webservers notwendig sind.<\/p>\n\n\n\n<p>Bei uns werden nur pseudonymisierte IP-Adressen von Besuchern der Website gespeichert. Auf Webserver-Ebene erfolgt dies dadurch, dass im Logfile standardm\u00e4\u00dfig statt der tats\u00e4chlichen IP-Adresse des Besuchers z.B. 123.123.123.123 eine IP-Adresse 123.123.123.XXX gespeichert wird, wobei XXX ein Zufallswert zwischen 1 und 254 ist. Die Herstellung eines Personenbezuges ist nicht mehr m\u00f6glich. Die Logdateien werden nach den gesetzlichen Fristen automatisch gel\u00f6scht.<\/p>\n\n\n\n<p>Der Webserver wird betrieben durch ALL-INKL.COM &#8211; Neue Medien M\u00fcnnich, Hauptstra\u00dfe 68, 02742 Friedersdorf, Deutschland. Die Beauftragung erfolgt auf Grundlage unserer berechtigten Interessen gem. Art. 6 Abs. 1 lit. f DSGVO und eines Auftragsverarbeitungsvertrages gem. Art. 28 Abs. 3 S. 1 DSGVO.<\/p>\n\n\n\n<p><strong>2. Kontaktaufnahme und Online-Anmeldung<\/strong><\/p>\n\n\n\n<p>Bei der Kontaktaufnahme mit uns (z.B. per Kontaktformular, Online-Anmeldung, E-Mail, Telefon oder via sozialer Medien) werden die Angaben des Nutzers zur Bearbeitung der Kontaktanfrage und deren Abwicklung gem. Art. 6 Abs. 1 lit. b) DSGVO verarbeitet.<\/p>\n\n\n\n<p><strong>3. Abonnement von Newslettern<\/strong><\/p>\n\n\n\n<p>Wenn Sie unseren Newsletter \u00fcber unsere Website abonnieren, gehen wir von Ihrem Einverst\u00e4ndnis aus, die angegebene&nbsp;E-Mail-Adresse zu speichern sowie den genauen Zeitpunkt&nbsp;und die&nbsp;IP-Adresse ihres Ger\u00e4ts als Beleg daf\u00fcr, dass Sie der Inhaber*in der E-Mail-Adresse und mit dem Empfang des Newsletters einverstanden sind. \u00dcber das Webformular zum Bestellen des Newsletters k\u00f6nnen weitere Angaben, wie zum Beispiel ihr Name von ihnen abgefragt werden. Wird der Newsletter auf anderem Weg bestellt, speichern wir zum Nachweis des Einverst\u00e4ndnis Ihren&nbsp;Namen und eine Notiz, wie die Bestellung zustande kam.&nbsp;Diese Daten verwenden wir ausschlie\u00dflich f\u00fcr den Versand der angeforderten Informationen.<\/p>\n\n\n\n<p><strong>4. Teilnahme an Online-Aktionen<\/strong><\/p>\n\n\n\n<p>Der Herausgeber erm\u00f6glicht Besuchern der Webseite die Teilnahme an verschiedenen Online-Aktionen, wie <strong>z.B. die Unterzeichnung von Aufrufen oder Petitionen<\/strong>. Je nach Art der Aktion k\u00f6nnen dabei auch personenbezogene Daten des Teilnehmers verarbeitet werden. Dabei werden f\u00fcr die Aktion stets nur diejenigen Daten verarbeitet, die der Teilnehmer selbst eingibt. Daten, die f\u00fcr die Teilnahme an der Aktion erforderlich sind, sind jeweils besonders gekennzeichnet. Die Angabe weiterer Daten erfolgt freiwillig.<\/p>\n\n\n\n<p>Die eingegebenen Daten werden von dem Herausgeber dieser Webseite zum Zweck der Durchf\u00fchrung der Aktion, zur Information der Teilnehmer \u00fcber den Verlauf der Aktion sowie zum Nachweis der Teilnahme des Teilnehmers an der Aktion verarbeitet. Je nach Aktion werden die Daten des Teilnehmers nur mit ihrem Einverst\u00e4ndnis an politische Entscheidungstr\u00e4ger und andere Adressaten der jeweiligen Aktion \u00fcbermittelt. Rechtsgrundlage der Datenverarbeitung ist Art. 6 Abs. 1 Buchstabe b) DS-GVO. Die Teilnahme an Aktionen ist freiwillig. Die Nichtangabe von Daten, die als erforderlich markiert sind, schlie\u00dft eine Teilnahme an der Aktion aus. Die Teilnahme an Aktionen wird f\u00fcr die Dauer der gesetzlichen Verj\u00e4hrungsfrist (drei Jahre nach Ende des Jahres, in dem die Teilnahme stattgefunden hat) gespeichert.<\/p>\n\n\n\n<p>Die Webseite verschickt zur Anmeldung bei Online-Aktionen automatisierte Best\u00e4tigungs-Emails an Teilnehmer der Aktionen. Der Versand dieser E-Mails erfolgt entweder \u00fcber den Betreiber des oben genannten Webservers oder mittels des Versanddienstleisters Mailjet SAS,13-13 bis, rue de l\u2019Aubrac, 75012 Paris, France.&nbsp;<a href=\"https:\/\/www.mailjet.de\/privacy-policy\/\">Die Datenschutzbestimmungen des Versanddienstleisters k\u00f6nnen Sie hier einsehen<\/a>. Der Versanddienstleister wird auf Grundlage unserer berechtigten Interessen gem. Art. 6 Abs. 1 lit. f DSGVO und eines Auftragsverarbeitungsvertrages gem. Art. 28 Abs. 3 S. 1 DSGVO eingesetzt.<\/p>\n\n\n\n<p><strong>5. Recht auf Auskunft, Berichtigung und L\u00f6schung<\/strong><\/p>\n\n\n\n<p>Sie&nbsp;haben jederzeit das Recht&nbsp;auf unentgeltliche Auskunft \u00fcber Ihre bei uns gespeicherten personenbezogenen Daten, deren Herkunft und Empf\u00e4nger und den Zweck der Datenverarbeitung sowie ein Recht auf Berichtigung, Sperrung oder L\u00f6schung dieser Daten bzw. auf den Widerruf einer einmal erteilten&nbsp;Zustimmung zur Verarbeitung Ihrer personenbezogenen Daten. Hierzu sowie zu weiteren Fragen zum Thema personenbezogene Daten k\u00f6nnen Sie sich jederzeit an uns wenden:<\/p>\n\n\n\n<p><strong>Verantwortlich f\u00fcr alle Fragen und Ausk\u00fcnfte zu den Inhalten dieser Datenschutzerkl\u00e4rung:<\/strong><\/p>\n\n\n\n<p><strong>Students for Future<\/strong><br>vertretend durch: Tina Krawczyk &#8211; Referat f\u00fcr \u00d6kologie<br> Student_innenRat Universit\u00e4t Leipzig <br> Universit\u00e4tsstra\u00dfe 1<br> 04109 Leipzig <\/p>\n\n\n\n<p>EMail: info@studentsforfuture.info<br>Tel: 0341 9737850<\/p>\n","protected":false},"excerpt":{"rendered":"<p>Herausgeber und verantwortlich f\u00fcr den Betrieb der Webseite studentsforfuture.info ist der \u00bbStudents for Future\u00ab (im folgendem als \u201ewir\u201c bezeichnet). Der Besuch unserer Websites ist grunds\u00e4tzlich ohne Angabe personenbezogener Daten m\u00f6glich. Mit der Nutzung der Site und der Eingabe personenbezogener Daten erkl\u00e4ren Sie sich mit der Datenerhebung und -nutzung im Einklang mit dieser Erkl\u00e4rung einverstanden. Diese [&hellip;]<\/p>\n","protected":false},"author":1,"featured_media":0,"parent":0,"menu_order":0,"comment_status":"closed","ping_status":"closed","template":"","meta":{"ghostkit_customizer_options":"","ghostkit_custom_css":"","ghostkit_custom_js_head":"","ghostkit_custom_js_foot":"","ghostkit_typography":"","footnotes":""},"yoast_head":"<!-- This site is optimized with the Yoast SEO plugin v22.6 - https:\/\/yoast.com\/wordpress\/plugins\/seo\/ -->\n<title>Datenschutzerkl\u00e4rung - Students for Future<\/title>\n<meta name=\"robots\" content=\"index, follow, max-snippet:-1, max-image-preview:large, max-video-preview:-1\" \/>\n<link rel=\"canonical\" href=\"https:\/\/studentsforfuture.info\/en\/datenschutzerklaerung\/\" \/>\n<meta property=\"og:locale\" content=\"en_US\" \/>\n<meta property=\"og:type\" content=\"article\" \/>\n<meta property=\"og:title\" content=\"Datenschutzerkl\u00e4rung - Students for Future\" \/>\n<meta property=\"og:description\" content=\"Herausgeber und verantwortlich f\u00fcr den Betrieb der Webseite studentsforfuture.info ist der \u00bbStudents for Future\u00ab (im folgendem als \u201ewir\u201c bezeichnet). Der Besuch unserer Websites ist grunds\u00e4tzlich ohne Angabe personenbezogener Daten m\u00f6glich. Mit der Nutzung der Site und der Eingabe personenbezogener Daten erkl\u00e4ren Sie sich mit der Datenerhebung und -nutzung im Einklang mit dieser Erkl\u00e4rung einverstanden. Diese [&hellip;]\" \/>\n<meta property=\"og:url\" content=\"https:\/\/studentsforfuture.info\/en\/datenschutzerklaerung\/\" \/>\n<meta property=\"og:site_name\" content=\"Students for Future\" \/>\n<meta property=\"article:publisher\" content=\"https:\/\/www.facebook.com\/studentsforfuturegermany\/\" \/>\n<meta property=\"article:modified_time\" content=\"2019-10-30T10:51:10+00:00\" \/>\n<meta name=\"twitter:card\" content=\"summary_large_image\" \/>\n<meta name=\"twitter:site\" content=\"@Studis4Future\" \/>\n<meta name=\"twitter:label1\" content=\"Est. reading time\" \/>\n\t<meta name=\"twitter:data1\" content=\"4 minutes\" \/>\n<script type=\"application\/ld+json\" class=\"yoast-schema-graph\">{\"@context\":\"https:\/\/schema.org\",\"@graph\":[{\"@type\":\"WebPage\",\"@id\":\"https:\/\/studentsforfuture.info\/en\/datenschutzerklaerung\/\",\"url\":\"https:\/\/studentsforfuture.info\/en\/datenschutzerklaerung\/\",\"name\":\"Datenschutzerkl\u00e4rung - Students for Future\",\"isPartOf\":{\"@id\":\"https:\/\/studentsforfuture.info\/en\/#website\"},\"datePublished\":\"2019-10-10T14:51:39+00:00\",\"dateModified\":\"2019-10-30T10:51:10+00:00\",\"breadcrumb\":{\"@id\":\"https:\/\/studentsforfuture.info\/en\/datenschutzerklaerung\/#breadcrumb\"},\"inLanguage\":\"en-US\",\"potentialAction\":[{\"@type\":\"ReadAction\",\"target\":[\"https:\/\/studentsforfuture.info\/en\/datenschutzerklaerung\/\"]}]},{\"@type\":\"BreadcrumbList\",\"@id\":\"https:\/\/studentsforfuture.info\/en\/datenschutzerklaerung\/#breadcrumb\",\"itemListElement\":[{\"@type\":\"ListItem\",\"position\":1,\"name\":\"Startseite\",\"item\":\"https:\/\/studentsforfuture.info\/en\/\"},{\"@type\":\"ListItem\",\"position\":2,\"name\":\"Datenschutzerkl\u00e4rung\"}]},{\"@type\":\"WebSite\",\"@id\":\"https:\/\/studentsforfuture.info\/en\/#website\",\"url\":\"https:\/\/studentsforfuture.info\/en\/\",\"name\":\"Students for Future\",\"description\":\"Eine For Future Webseite\",\"publisher\":{\"@id\":\"https:\/\/studentsforfuture.info\/en\/#organization\"},\"potentialAction\":[{\"@type\":\"SearchAction\",\"target\":{\"@type\":\"EntryPoint\",\"urlTemplate\":\"https:\/\/studentsforfuture.info\/en\/?s={search_term_string}\"},\"query-input\":\"required name=search_term_string\"}],\"inLanguage\":\"en-US\"},{\"@type\":\"Organization\",\"@id\":\"https:\/\/studentsforfuture.info\/en\/#organization\",\"name\":\"Students for Future\",\"url\":\"https:\/\/studentsforfuture.info\/en\/\",\"logo\":{\"@type\":\"ImageObject\",\"inLanguage\":\"en-US\",\"@id\":\"https:\/\/studentsforfuture.info\/en\/#\/schema\/logo\/image\/\",\"url\":\"https:\/\/studentsforfuture.info\/en\/wp-content\/uploads\/sites\/3\/2019\/10\/2019_10_03_SFFGermanyLogo-1024x991.png\",\"contentUrl\":\"https:\/\/studentsforfuture.info\/en\/wp-content\/uploads\/sites\/3\/2019\/10\/2019_10_03_SFFGermanyLogo-1024x991.png\",\"width\":1024,\"height\":991,\"caption\":\"Students for Future\"},\"image\":{\"@id\":\"https:\/\/studentsforfuture.info\/en\/#\/schema\/logo\/image\/\"},\"sameAs\":[\"https:\/\/www.facebook.com\/studentsforfuturegermany\/\",\"https:\/\/x.com\/Studis4Future\",\"https:\/\/www.instagram.com\/studentsforfuture_germany\/\"]}]}<\/script>\n<!-- \/ Yoast SEO plugin. -->","yoast_head_json":{"title":"Datenschutzerkl\u00e4rung - Students for Future","robots":{"index":"index","follow":"follow","max-snippet":"max-snippet:-1","max-image-preview":"max-image-preview:large","max-video-preview":"max-video-preview:-1"},"canonical":"https:\/\/studentsforfuture.info\/en\/datenschutzerklaerung\/","og_locale":"en_US","og_type":"article","og_title":"Datenschutzerkl\u00e4rung - Students for Future","og_description":"Herausgeber und verantwortlich f\u00fcr den Betrieb der Webseite studentsforfuture.info ist der \u00bbStudents for Future\u00ab (im folgendem als \u201ewir\u201c bezeichnet). Der Besuch unserer Websites ist grunds\u00e4tzlich ohne Angabe personenbezogener Daten m\u00f6glich. Mit der Nutzung der Site und der Eingabe personenbezogener Daten erkl\u00e4ren Sie sich mit der Datenerhebung und -nutzung im Einklang mit dieser Erkl\u00e4rung einverstanden. Diese [&hellip;]","og_url":"https:\/\/studentsforfuture.info\/en\/datenschutzerklaerung\/","og_site_name":"Students for Future","article_publisher":"https:\/\/www.facebook.com\/studentsforfuturegermany\/","article_modified_time":"2019-10-30T10:51:10+00:00","twitter_card":"summary_large_image","twitter_site":"@Studis4Future","twitter_misc":{"Est. reading time":"4 minutes"},"schema":{"@context":"https:\/\/schema.org","@graph":[{"@type":"WebPage","@id":"https:\/\/studentsforfuture.info\/en\/datenschutzerklaerung\/","url":"https:\/\/studentsforfuture.info\/en\/datenschutzerklaerung\/","name":"Datenschutzerkl\u00e4rung - Students for Future","isPartOf":{"@id":"https:\/\/studentsforfuture.info\/en\/#website"},"datePublished":"2019-10-10T14:51:39+00:00","dateModified":"2019-10-30T10:51:10+00:00","breadcrumb":{"@id":"https:\/\/studentsforfuture.info\/en\/datenschutzerklaerung\/#breadcrumb"},"inLanguage":"en-US","potentialAction":[{"@type":"ReadAction","target":["https:\/\/studentsforfuture.info\/en\/datenschutzerklaerung\/"]}]},{"@type":"BreadcrumbList","@id":"https:\/\/studentsforfuture.info\/en\/datenschutzerklaerung\/#breadcrumb","itemListElement":[{"@type":"ListItem","position":1,"name":"Startseite","item":"https:\/\/studentsforfuture.info\/en\/"},{"@type":"ListItem","position":2,"name":"Datenschutzerkl\u00e4rung"}]},{"@type":"WebSite","@id":"https:\/\/studentsforfuture.info\/en\/#website","url":"https:\/\/studentsforfuture.info\/en\/","name":"Students for Future","description":"Eine For Future Webseite","publisher":{"@id":"https:\/\/studentsforfuture.info\/en\/#organization"},"potentialAction":[{"@type":"SearchAction","target":{"@type":"EntryPoint","urlTemplate":"https:\/\/studentsforfuture.info\/en\/?s={search_term_string}"},"query-input":"required name=search_term_string"}],"inLanguage":"en-US"},{"@type":"Organization","@id":"https:\/\/studentsforfuture.info\/en\/#organization","name":"Students for Future","url":"https:\/\/studentsforfuture.info\/en\/","logo":{"@type":"ImageObject","inLanguage":"en-US","@id":"https:\/\/studentsforfuture.info\/en\/#\/schema\/logo\/image\/","url":"https:\/\/studentsforfuture.info\/en\/wp-content\/uploads\/sites\/3\/2019\/10\/2019_10_03_SFFGermanyLogo-1024x991.png","contentUrl":"https:\/\/studentsforfuture.info\/en\/wp-content\/uploads\/sites\/3\/2019\/10\/2019_10_03_SFFGermanyLogo-1024x991.png","width":1024,"height":991,"caption":"Students for Future"},"image":{"@id":"https:\/\/studentsforfuture.info\/en\/#\/schema\/logo\/image\/"},"sameAs":["https:\/\/www.facebook.com\/studentsforfuturegermany\/","https:\/\/x.com\/Studis4Future","https:\/\/www.instagram.com\/studentsforfuture_germany\/"]}]}},"_links":{"self":[{"href":"https:\/\/studentsforfuture.info\/en\/wp-json\/wp\/v2\/pages\/3"}],"collection":[{"href":"https:\/\/studentsforfuture.info\/en\/wp-json\/wp\/v2\/pages"}],"about":[{"href":"https:\/\/studentsforfuture.info\/en\/wp-json\/wp\/v2\/types\/page"}],"author":[{"embeddable":true,"href":"https:\/\/studentsforfuture.info\/en\/wp-json\/wp\/v2\/users\/1"}],"replies":[{"embeddable":true,"href":"https:\/\/studentsforfuture.info\/en\/wp-json\/wp\/v2\/comments?post=3"}],"version-history":[{"count":8,"href":"https:\/\/studentsforfuture.info\/en\/wp-json\/wp\/v2\/pages\/3\/revisions"}],"predecessor-version":[{"id":1036,"href":"https:\/\/studentsforfuture.info\/en\/wp-json\/wp\/v2\/pages\/3\/revisions\/1036"}],"wp:attachment":[{"href":"https:\/\/studentsforfuture.info\/en\/wp-json\/wp\/v2\/media?parent=3"}],"curies":[{"name":"wp","href":"https:\/\/api.w.org\/{rel}","templated":true}]}}